{"id":4050,"date":"2025-02-14T08:46:15","date_gmt":"2025-02-14T08:46:15","guid":{"rendered":"https:\/\/bodyclear.be\/photos-avant-et-apres\/avant-et-apres-le-pmu\/"},"modified":"2025-03-04T12:22:47","modified_gmt":"2025-03-04T12:22:47","slug":"avant-et-apres-le-pmu","status":"publish","type":"page","link":"https:\/\/bodyclear.be\/fr\/photos-avant-et-apres\/avant-et-apres-le-pmu\/","title":{"rendered":"Avant et apr\u00e8s le pmu"},"content":{"rendered":"\t\t<div data-elementor-type=\"wp-page\" data-elementor-id=\"4050\" class=\"elementor elementor-4050 elementor-2423\">\n\t\t\t\t<div class=\"elementor-element elementor-element-7c68e6e e-flex e-con-boxed wpr-particle-no wpr-jarallax-no wpr-parallax-no wpr-sticky-section-no wpr-equal-height-no e-con e-parent\" data-id=\"7c68e6e\" data-element_type=\"container\" data-e-type=\"container\" data-settings=\"{&quot;background_background&quot;:&quot;classic&quot;}\">\n\t\t\t\t\t<div class=\"e-con-inner\">\n\t\t\t\t\t<\/div>\n\t\t\t\t<\/div>\n\t\t<div class=\"elementor-element elementor-element-01015e2 e-flex e-con-boxed wpr-particle-no wpr-jarallax-no wpr-parallax-no wpr-sticky-section-no wpr-equal-height-no e-con e-parent\" data-id=\"01015e2\" data-element_type=\"container\" data-e-type=\"container\" data-settings=\"{&quot;background_background&quot;:&quot;classic&quot;}\">\n\t\t\t\t\t<div class=\"e-con-inner\">\n\t\t\t\t<div class=\"elementor-element elementor-element-1a2f64e elementor-widget-divider--view-line elementor-widget elementor-widget-divider\" data-id=\"1a2f64e\" data-element_type=\"widget\" data-e-type=\"widget\" data-widget_type=\"divider.default\">\n\t\t\t\t<div class=\"elementor-widget-container\">\n\t\t\t\t\t\t\t<div class=\"elementor-divider\">\n\t\t\t<span class=\"elementor-divider-separator\">\n\t\t\t\t\t\t<\/span>\n\t\t<\/div>\n\t\t\t\t\t\t<\/div>\n\t\t\t\t<\/div>\n\t\t\t\t<div class=\"elementor-element elementor-element-0874702 elementor-widget__width-inherit elementor-widget elementor-widget-heading\" data-id=\"0874702\" data-element_type=\"widget\" data-e-type=\"widget\" data-widget_type=\"heading.default\">\n\t\t\t\t<div class=\"elementor-widget-container\">\n\t\t\t\t\t<h1 class=\"elementor-heading-title elementor-size-default\">Avant et apr\u00e8s maquillage permanent (PMU)<\/h1>\t\t\t\t<\/div>\n\t\t\t\t<\/div>\n\t\t\t\t\t<\/div>\n\t\t\t\t<\/div>\n\t\t<div class=\"elementor-element elementor-element-5f9bbcc e-flex e-con-boxed wpr-particle-no wpr-jarallax-no wpr-parallax-no wpr-sticky-section-no wpr-equal-height-no e-con e-parent\" data-id=\"5f9bbcc\" data-element_type=\"container\" data-e-type=\"container\">\n\t\t\t\t\t<div class=\"e-con-inner\">\n\t\t\t\t<div class=\"elementor-element elementor-element-05e0c1d gallery-spacing-custom elementor-widget elementor-widget-image-gallery\" data-id=\"05e0c1d\" data-element_type=\"widget\" data-e-type=\"widget\" data-widget_type=\"image-gallery.default\">\n\t\t\t\t<div class=\"elementor-widget-container\">\n\t\t\t\t\t\t\t<div class=\"elementor-image-gallery\">\n\t\t\t<div id='gallery-1' class='gallery galleryid-4050 gallery-columns-3 gallery-size-full'><figure class='gallery-item'>\n\t\t\t<div class='gallery-icon landscape'>\n\t\t\t\t<a data-elementor-open-lightbox=\"yes\" data-elementor-lightbox-slideshow=\"05e0c1d\" data-elementor-lightbox-title=\"unnamed (10)\" data-e-action-hash=\"#elementor-action%3Aaction%3Dlightbox%26settings%3DeyJpZCI6MjY4OCwidXJsIjoiaHR0cHM6XC9cL2JvZHljbGVhci5iZVwvd3AtY29udGVudFwvdXBsb2Fkc1wvMjAyNVwvMDJcL3VubmFtZWQtMTAuanBnIiwic2xpZGVzaG93IjoiMDVlMGMxZCJ9\" href='https:\/\/bodyclear.be\/wp-content\/uploads\/2025\/02\/unnamed-10.jpg'><img fetchpriority=\"high\" decoding=\"async\" width=\"600\" height=\"366\" src=\"https:\/\/bodyclear.be\/wp-content\/uploads\/2025\/02\/unnamed-10.jpg\" class=\"attachment-full size-full\" alt=\"\" srcset=\"https:\/\/bodyclear.be\/wp-content\/uploads\/2025\/02\/unnamed-10.jpg 600w, https:\/\/bodyclear.be\/wp-content\/uploads\/2025\/02\/unnamed-10-300x183.jpg 300w\" sizes=\"(max-width: 600px) 100vw, 600px\" \/><\/a>\n\t\t\t<\/div><\/figure><figure class='gallery-item'>\n\t\t\t<div class='gallery-icon landscape'>\n\t\t\t\t<a data-elementor-open-lightbox=\"yes\" data-elementor-lightbox-slideshow=\"05e0c1d\" data-elementor-lightbox-title=\"unnamed (18)\" data-e-action-hash=\"#elementor-action%3Aaction%3Dlightbox%26settings%3DeyJpZCI6MjY4NCwidXJsIjoiaHR0cHM6XC9cL2JvZHljbGVhci5iZVwvd3AtY29udGVudFwvdXBsb2Fkc1wvMjAyNVwvMDJcL3VubmFtZWQtMTguanBnIiwic2xpZGVzaG93IjoiMDVlMGMxZCJ9\" href='https:\/\/bodyclear.be\/wp-content\/uploads\/2025\/02\/unnamed-18.jpg'><img decoding=\"async\" width=\"600\" height=\"337\" src=\"https:\/\/bodyclear.be\/wp-content\/uploads\/2025\/02\/unnamed-18.jpg\" class=\"attachment-full size-full\" alt=\"\" srcset=\"https:\/\/bodyclear.be\/wp-content\/uploads\/2025\/02\/unnamed-18.jpg 600w, https:\/\/bodyclear.be\/wp-content\/uploads\/2025\/02\/unnamed-18-300x169.jpg 300w\" sizes=\"(max-width: 600px) 100vw, 600px\" \/><\/a>\n\t\t\t<\/div><\/figure><figure class='gallery-item'>\n\t\t\t<div class='gallery-icon portrait'>\n\t\t\t\t<a data-elementor-open-lightbox=\"yes\" data-elementor-lightbox-slideshow=\"05e0c1d\" data-elementor-lightbox-title=\"unnamed (17)\" data-e-action-hash=\"#elementor-action%3Aaction%3Dlightbox%26settings%3DeyJpZCI6MjY4MiwidXJsIjoiaHR0cHM6XC9cL2JvZHljbGVhci5iZVwvd3AtY29udGVudFwvdXBsb2Fkc1wvMjAyNVwvMDJcL3VubmFtZWQtMTcuanBnIiwic2xpZGVzaG93IjoiMDVlMGMxZCJ9\" href='https:\/\/bodyclear.be\/wp-content\/uploads\/2025\/02\/unnamed-17.jpg'><img decoding=\"async\" width=\"600\" height=\"852\" src=\"https:\/\/bodyclear.be\/wp-content\/uploads\/2025\/02\/unnamed-17.jpg\" class=\"attachment-full size-full\" alt=\"\" srcset=\"https:\/\/bodyclear.be\/wp-content\/uploads\/2025\/02\/unnamed-17.jpg 600w, https:\/\/bodyclear.be\/wp-content\/uploads\/2025\/02\/unnamed-17-211x300.jpg 211w\" sizes=\"(max-width: 600px) 100vw, 600px\" \/><\/a>\n\t\t\t<\/div><\/figure><figure class='gallery-item'>\n\t\t\t<div class='gallery-icon landscape'>\n\t\t\t\t<a data-elementor-open-lightbox=\"yes\" data-elementor-lightbox-slideshow=\"05e0c1d\" data-elementor-lightbox-title=\"unnamed (11)\" data-e-action-hash=\"#elementor-action%3Aaction%3Dlightbox%26settings%3DeyJpZCI6MjY5MCwidXJsIjoiaHR0cHM6XC9cL2JvZHljbGVhci5iZVwvd3AtY29udGVudFwvdXBsb2Fkc1wvMjAyNVwvMDJcL3VubmFtZWQtMTEuanBnIiwic2xpZGVzaG93IjoiMDVlMGMxZCJ9\" href='https:\/\/bodyclear.be\/wp-content\/uploads\/2025\/02\/unnamed-11.jpg'><img loading=\"lazy\" decoding=\"async\" width=\"600\" height=\"549\" src=\"https:\/\/bodyclear.be\/wp-content\/uploads\/2025\/02\/unnamed-11.jpg\" class=\"attachment-full size-full\" alt=\"\" srcset=\"https:\/\/bodyclear.be\/wp-content\/uploads\/2025\/02\/unnamed-11.jpg 600w, https:\/\/bodyclear.be\/wp-content\/uploads\/2025\/02\/unnamed-11-300x275.jpg 300w\" sizes=\"(max-width: 600px) 100vw, 600px\" \/><\/a>\n\t\t\t<\/div><\/figure><figure class='gallery-item'>\n\t\t\t<div class='gallery-icon portrait'>\n\t\t\t\t<a data-elementor-open-lightbox=\"yes\" data-elementor-lightbox-slideshow=\"05e0c1d\" data-elementor-lightbox-title=\"unnamed (16)\" data-e-action-hash=\"#elementor-action%3Aaction%3Dlightbox%26settings%3DeyJpZCI6MjY4MCwidXJsIjoiaHR0cHM6XC9cL2JvZHljbGVhci5iZVwvd3AtY29udGVudFwvdXBsb2Fkc1wvMjAyNVwvMDJcL3VubmFtZWQtMTYuanBnIiwic2xpZGVzaG93IjoiMDVlMGMxZCJ9\" href='https:\/\/bodyclear.be\/wp-content\/uploads\/2025\/02\/unnamed-16.jpg'><img loading=\"lazy\" decoding=\"async\" width=\"600\" height=\"800\" src=\"https:\/\/bodyclear.be\/wp-content\/uploads\/2025\/02\/unnamed-16.jpg\" class=\"attachment-full size-full\" alt=\"\" srcset=\"https:\/\/bodyclear.be\/wp-content\/uploads\/2025\/02\/unnamed-16.jpg 600w, https:\/\/bodyclear.be\/wp-content\/uploads\/2025\/02\/unnamed-16-225x300.jpg 225w\" sizes=\"(max-width: 600px) 100vw, 600px\" \/><\/a>\n\t\t\t<\/div><\/figure><figure class='gallery-item'>\n\t\t\t<div class='gallery-icon portrait'>\n\t\t\t\t<a data-elementor-open-lightbox=\"yes\" data-elementor-lightbox-slideshow=\"05e0c1d\" data-elementor-lightbox-title=\"unnamed (15)\" data-e-action-hash=\"#elementor-action%3Aaction%3Dlightbox%26settings%3DeyJpZCI6MjY3OCwidXJsIjoiaHR0cHM6XC9cL2JvZHljbGVhci5iZVwvd3AtY29udGVudFwvdXBsb2Fkc1wvMjAyNVwvMDJcL3VubmFtZWQtMTUuanBnIiwic2xpZGVzaG93IjoiMDVlMGMxZCJ9\" href='https:\/\/bodyclear.be\/wp-content\/uploads\/2025\/02\/unnamed-15.jpg'><img loading=\"lazy\" decoding=\"async\" width=\"600\" height=\"801\" src=\"https:\/\/bodyclear.be\/wp-content\/uploads\/2025\/02\/unnamed-15.jpg\" class=\"attachment-full size-full\" alt=\"\" srcset=\"https:\/\/bodyclear.be\/wp-content\/uploads\/2025\/02\/unnamed-15.jpg 600w, https:\/\/bodyclear.be\/wp-content\/uploads\/2025\/02\/unnamed-15-225x300.jpg 225w\" sizes=\"(max-width: 600px) 100vw, 600px\" \/><\/a>\n\t\t\t<\/div><\/figure><figure class='gallery-item'>\n\t\t\t<div class='gallery-icon portrait'>\n\t\t\t\t<a data-elementor-open-lightbox=\"yes\" data-elementor-lightbox-slideshow=\"05e0c1d\" data-elementor-lightbox-title=\"unnamed (9)\" data-e-action-hash=\"#elementor-action%3Aaction%3Dlightbox%26settings%3DeyJpZCI6MjY4NiwidXJsIjoiaHR0cHM6XC9cL2JvZHljbGVhci5iZVwvd3AtY29udGVudFwvdXBsb2Fkc1wvMjAyNVwvMDJcL3VubmFtZWQtOS5qcGciLCJzbGlkZXNob3ciOiIwNWUwYzFkIn0%3D\" href='https:\/\/bodyclear.be\/wp-content\/uploads\/2025\/02\/unnamed-9.jpg'><img loading=\"lazy\" decoding=\"async\" width=\"214\" height=\"287\" src=\"https:\/\/bodyclear.be\/wp-content\/uploads\/2025\/02\/unnamed-9.jpg\" class=\"attachment-full size-full\" alt=\"\" \/><\/a>\n\t\t\t<\/div><\/figure><figure class='gallery-item'>\n\t\t\t<div class='gallery-icon landscape'>\n\t\t\t\t<a data-elementor-open-lightbox=\"yes\" data-elementor-lightbox-slideshow=\"05e0c1d\" data-elementor-lightbox-title=\"unnamed (14)\" data-e-action-hash=\"#elementor-action%3Aaction%3Dlightbox%26settings%3DeyJpZCI6MjY3NiwidXJsIjoiaHR0cHM6XC9cL2JvZHljbGVhci5iZVwvd3AtY29udGVudFwvdXBsb2Fkc1wvMjAyNVwvMDJcL3VubmFtZWQtMTQuanBnIiwic2xpZGVzaG93IjoiMDVlMGMxZCJ9\" href='https:\/\/bodyclear.be\/wp-content\/uploads\/2025\/02\/unnamed-14.jpg'><img loading=\"lazy\" decoding=\"async\" width=\"600\" height=\"450\" src=\"https:\/\/bodyclear.be\/wp-content\/uploads\/2025\/02\/unnamed-14.jpg\" class=\"attachment-full size-full\" alt=\"\" srcset=\"https:\/\/bodyclear.be\/wp-content\/uploads\/2025\/02\/unnamed-14.jpg 600w, https:\/\/bodyclear.be\/wp-content\/uploads\/2025\/02\/unnamed-14-300x225.jpg 300w\" sizes=\"(max-width: 600px) 100vw, 600px\" \/><\/a>\n\t\t\t<\/div><\/figure><figure class='gallery-item'>\n\t\t\t<div class='gallery-icon landscape'>\n\t\t\t\t<a data-elementor-open-lightbox=\"yes\" data-elementor-lightbox-slideshow=\"05e0c1d\" data-elementor-lightbox-title=\"unnamed (13)\" data-e-action-hash=\"#elementor-action%3Aaction%3Dlightbox%26settings%3DeyJpZCI6MjY3NCwidXJsIjoiaHR0cHM6XC9cL2JvZHljbGVhci5iZVwvd3AtY29udGVudFwvdXBsb2Fkc1wvMjAyNVwvMDJcL3VubmFtZWQtMTMuanBnIiwic2xpZGVzaG93IjoiMDVlMGMxZCJ9\" href='https:\/\/bodyclear.be\/wp-content\/uploads\/2025\/02\/unnamed-13.jpg'><img loading=\"lazy\" decoding=\"async\" width=\"600\" height=\"450\" src=\"https:\/\/bodyclear.be\/wp-content\/uploads\/2025\/02\/unnamed-13.jpg\" class=\"attachment-full size-full\" alt=\"\" srcset=\"https:\/\/bodyclear.be\/wp-content\/uploads\/2025\/02\/unnamed-13.jpg 600w, https:\/\/bodyclear.be\/wp-content\/uploads\/2025\/02\/unnamed-13-300x225.jpg 300w\" sizes=\"(max-width: 600px) 100vw, 600px\" \/><\/a>\n\t\t\t<\/div><\/figure><figure class='gallery-item'>\n\t\t\t<div class='gallery-icon landscape'>\n\t\t\t\t<a data-elementor-open-lightbox=\"yes\" data-elementor-lightbox-slideshow=\"05e0c1d\" data-elementor-lightbox-title=\"unnamed (12)\" data-e-action-hash=\"#elementor-action%3Aaction%3Dlightbox%26settings%3DeyJpZCI6MjY3MiwidXJsIjoiaHR0cHM6XC9cL2JvZHljbGVhci5iZVwvd3AtY29udGVudFwvdXBsb2Fkc1wvMjAyNVwvMDJcL3VubmFtZWQtMTIuanBnIiwic2xpZGVzaG93IjoiMDVlMGMxZCJ9\" href='https:\/\/bodyclear.be\/wp-content\/uploads\/2025\/02\/unnamed-12.jpg'><img loading=\"lazy\" decoding=\"async\" width=\"600\" height=\"363\" src=\"https:\/\/bodyclear.be\/wp-content\/uploads\/2025\/02\/unnamed-12.jpg\" class=\"attachment-full size-full\" alt=\"\" srcset=\"https:\/\/bodyclear.be\/wp-content\/uploads\/2025\/02\/unnamed-12.jpg 600w, https:\/\/bodyclear.be\/wp-content\/uploads\/2025\/02\/unnamed-12-300x182.jpg 300w\" sizes=\"(max-width: 600px) 100vw, 600px\" \/><\/a>\n\t\t\t<\/div><\/figure>\n\t\t<\/div>\n\t\t<\/div>\n\t\t\t\t\t\t<\/div>\n\t\t\t\t<\/div>\n\t\t\t\t<div class=\"elementor-element elementor-element-9c52458 elementor-align-left elementor-widget__width-inherit elementor-widget elementor-widget-button\" data-id=\"9c52458\" data-element_type=\"widget\" data-e-type=\"widget\" data-widget_type=\"button.default\">\n\t\t\t\t<div class=\"elementor-widget-container\">\n\t\t\t\t\t\t\t\t\t<div class=\"elementor-button-wrapper\">\n\t\t\t\t\t<a class=\"elementor-button elementor-button-link elementor-size-sm\" href=\"https:\/\/bodyclear.be\/fr\/photos-avant-et-apres\/avant-et-apres-detatouage\/\">\n\t\t\t\t\t\t<span class=\"elementor-button-content-wrapper\">\n\t\t\t\t\t\t\t\t\t<span class=\"elementor-button-text\">Voir les photos avant et apr\u00e8s le d\u00e9tatouage<\/span>\n\t\t\t\t\t<\/span>\n\t\t\t\t\t<\/a>\n\t\t\t\t<\/div>\n\t\t\t\t\t\t\t\t<\/div>\n\t\t\t\t<\/div>\n\t\t\t\t\t<\/div>\n\t\t\t\t<\/div>\n\t\t\t\t<\/div>\n\t\t","protected":false},"excerpt":{"rendered":"<p>Avant et apr\u00e8s maquillage permanent (PMU) Voir les photos avant et apr\u00e8s le d\u00e9tatouage<\/p>\n","protected":false},"author":2,"featured_media":0,"parent":4040,"menu_order":0,"comment_status":"closed","ping_status":"closed","template":"","meta":{"footnotes":""},"class_list":["post-4050","page","type-page","status-publish","hentry"],"yoast_head":"<!-- This site is optimized with the Yoast SEO plugin v27.4 - https:\/\/yoast.com\/product\/yoast-seo-wordpress\/ -->\n<title>Photos avant et apr\u00e8s le maquillage permanent - bodyclear.be<\/title>\n<meta name=\"description\" content=\"D\u00e9couvrez ici quelques photos avant et apr\u00e8s nos traitements au laser pour l\u2019\u00e9limination du maquillage permanent.\" \/>\n<meta name=\"robots\" content=\"index, follow, max-snippet:-1, max-image-preview:large, max-video-preview:-1\" \/>\n<link rel=\"canonical\" href=\"https:\/\/bodyclear.be\/fr\/photos-avant-et-apres\/avant-et-apres-le-pmu\/\" \/>\n<meta property=\"og:locale\" content=\"fr_FR\" \/>\n<meta property=\"og:type\" content=\"article\" \/>\n<meta property=\"og:title\" content=\"Photos avant et apr\u00e8s le maquillage permanent - bodyclear.be\" \/>\n<meta property=\"og:description\" content=\"D\u00e9couvrez ici quelques photos avant et apr\u00e8s nos traitements au laser pour l\u2019\u00e9limination du maquillage permanent.\" \/>\n<meta property=\"og:url\" content=\"https:\/\/bodyclear.be\/fr\/photos-avant-et-apres\/avant-et-apres-le-pmu\/\" \/>\n<meta property=\"og:site_name\" content=\"bodyclear.be\" \/>\n<meta property=\"article:modified_time\" content=\"2025-03-04T12:22:47+00:00\" \/>\n<meta property=\"og:image\" content=\"https:\/\/bodyclear.be\/wp-content\/uploads\/2025\/02\/unnamed-10.jpg\" \/>\n<meta name=\"twitter:card\" content=\"summary_large_image\" \/>\n<!-- \/ Yoast SEO plugin. -->","yoast_head_json":{"title":"Photos avant et apr\u00e8s le maquillage permanent - bodyclear.be","description":"D\u00e9couvrez ici quelques photos avant et apr\u00e8s nos traitements au laser pour l\u2019\u00e9limination du maquillage permanent.","robots":{"index":"index","follow":"follow","max-snippet":"max-snippet:-1","max-image-preview":"max-image-preview:large","max-video-preview":"max-video-preview:-1"},"canonical":"https:\/\/bodyclear.be\/fr\/photos-avant-et-apres\/avant-et-apres-le-pmu\/","og_locale":"fr_FR","og_type":"article","og_title":"Photos avant et apr\u00e8s le maquillage permanent - bodyclear.be","og_description":"D\u00e9couvrez ici quelques photos avant et apr\u00e8s nos traitements au laser pour l\u2019\u00e9limination du maquillage permanent.","og_url":"https:\/\/bodyclear.be\/fr\/photos-avant-et-apres\/avant-et-apres-le-pmu\/","og_site_name":"bodyclear.be","article_modified_time":"2025-03-04T12:22:47+00:00","og_image":[{"url":"https:\/\/bodyclear.be\/wp-content\/uploads\/2025\/02\/unnamed-10.jpg","type":"","width":"","height":""}],"twitter_card":"summary_large_image","schema":{"@context":"https:\/\/schema.org","@graph":[{"@type":"WebPage","@id":"https:\/\/bodyclear.be\/fr\/photos-avant-et-apres\/avant-et-apres-le-pmu\/","url":"https:\/\/bodyclear.be\/fr\/photos-avant-et-apres\/avant-et-apres-le-pmu\/","name":"Photos avant et apr\u00e8s le maquillage permanent - bodyclear.be","isPartOf":{"@id":"https:\/\/bodyclear.be\/fr\/#website"},"primaryImageOfPage":{"@id":"https:\/\/bodyclear.be\/fr\/photos-avant-et-apres\/avant-et-apres-le-pmu\/#primaryimage"},"image":{"@id":"https:\/\/bodyclear.be\/fr\/photos-avant-et-apres\/avant-et-apres-le-pmu\/#primaryimage"},"thumbnailUrl":"https:\/\/bodyclear.be\/wp-content\/uploads\/2025\/02\/unnamed-10.jpg","datePublished":"2025-02-14T08:46:15+00:00","dateModified":"2025-03-04T12:22:47+00:00","description":"D\u00e9couvrez ici quelques photos avant et apr\u00e8s nos traitements au laser pour l\u2019\u00e9limination du maquillage permanent.","breadcrumb":{"@id":"https:\/\/bodyclear.be\/fr\/photos-avant-et-apres\/avant-et-apres-le-pmu\/#breadcrumb"},"inLanguage":"fr-FR","potentialAction":[{"@type":"ReadAction","target":["https:\/\/bodyclear.be\/fr\/photos-avant-et-apres\/avant-et-apres-le-pmu\/"]}]},{"@type":"ImageObject","inLanguage":"fr-FR","@id":"https:\/\/bodyclear.be\/fr\/photos-avant-et-apres\/avant-et-apres-le-pmu\/#primaryimage","url":"https:\/\/bodyclear.be\/wp-content\/uploads\/2025\/02\/unnamed-10.jpg","contentUrl":"https:\/\/bodyclear.be\/wp-content\/uploads\/2025\/02\/unnamed-10.jpg"},{"@type":"BreadcrumbList","@id":"https:\/\/bodyclear.be\/fr\/photos-avant-et-apres\/avant-et-apres-le-pmu\/#breadcrumb","itemListElement":[{"@type":"ListItem","position":1,"name":"Home","item":"https:\/\/bodyclear.be\/fr\/"},{"@type":"ListItem","position":2,"name":"Photos avant et apr\u00e8s","item":"https:\/\/bodyclear.be\/fr\/photos-avant-et-apres\/"},{"@type":"ListItem","position":3,"name":"Avant et apr\u00e8s le pmu"}]},{"@type":"WebSite","@id":"https:\/\/bodyclear.be\/fr\/#website","url":"https:\/\/bodyclear.be\/fr\/","name":"bodyclear.be","description":"","potentialAction":[{"@type":"SearchAction","target":{"@type":"EntryPoint","urlTemplate":"https:\/\/bodyclear.be\/fr\/?s={search_term_string}"},"query-input":{"@type":"PropertyValueSpecification","valueRequired":true,"valueName":"search_term_string"}}],"inLanguage":"fr-FR"}]}},"_links":{"self":[{"href":"https:\/\/bodyclear.be\/fr\/wp-json\/wp\/v2\/pages\/4050","targetHints":{"allow":["GET"]}}],"collection":[{"href":"https:\/\/bodyclear.be\/fr\/wp-json\/wp\/v2\/pages"}],"about":[{"href":"https:\/\/bodyclear.be\/fr\/wp-json\/wp\/v2\/types\/page"}],"author":[{"embeddable":true,"href":"https:\/\/bodyclear.be\/fr\/wp-json\/wp\/v2\/users\/2"}],"replies":[{"embeddable":true,"href":"https:\/\/bodyclear.be\/fr\/wp-json\/wp\/v2\/comments?post=4050"}],"version-history":[{"count":2,"href":"https:\/\/bodyclear.be\/fr\/wp-json\/wp\/v2\/pages\/4050\/revisions"}],"predecessor-version":[{"id":4109,"href":"https:\/\/bodyclear.be\/fr\/wp-json\/wp\/v2\/pages\/4050\/revisions\/4109"}],"up":[{"embeddable":true,"href":"https:\/\/bodyclear.be\/fr\/wp-json\/wp\/v2\/pages\/4040"}],"wp:attachment":[{"href":"https:\/\/bodyclear.be\/fr\/wp-json\/wp\/v2\/media?parent=4050"}],"curies":[{"name":"wp","href":"https:\/\/api.w.org\/{rel}","templated":true}]}}