{"id":4106,"date":"2025-02-14T09:01:42","date_gmt":"2025-02-14T09:01:42","guid":{"rendered":"https:\/\/bodyclear.be\/photos-avant-et-apres\/avant-et-apres-detatouage\/"},"modified":"2025-03-04T13:03:03","modified_gmt":"2025-03-04T13:03:03","slug":"avant-et-apres-detatouage","status":"publish","type":"page","link":"https:\/\/bodyclear.be\/fr\/photos-avant-et-apres\/avant-et-apres-detatouage\/","title":{"rendered":"Avant et apr\u00e8s d\u00e9tatouage"},"content":{"rendered":"\t\t<div data-elementor-type=\"wp-page\" data-elementor-id=\"4106\" class=\"elementor elementor-4106 elementor-2442\">\n\t\t\t\t<div class=\"elementor-element elementor-element-3246c3cb e-flex e-con-boxed wpr-particle-no wpr-jarallax-no wpr-parallax-no wpr-sticky-section-no wpr-equal-height-no e-con e-parent\" data-id=\"3246c3cb\" data-element_type=\"container\" data-e-type=\"container\" data-settings=\"{&quot;background_background&quot;:&quot;classic&quot;}\">\n\t\t\t\t\t<div class=\"e-con-inner\">\n\t\t\t\t\t<\/div>\n\t\t\t\t<\/div>\n\t\t<div class=\"elementor-element elementor-element-4193ba21 e-flex e-con-boxed wpr-particle-no wpr-jarallax-no wpr-parallax-no wpr-sticky-section-no wpr-equal-height-no e-con e-parent\" data-id=\"4193ba21\" data-element_type=\"container\" data-e-type=\"container\" data-settings=\"{&quot;background_background&quot;:&quot;classic&quot;}\">\n\t\t\t\t\t<div class=\"e-con-inner\">\n\t\t\t\t<div class=\"elementor-element elementor-element-15d3ffd5 elementor-widget-divider--view-line elementor-widget elementor-widget-divider\" data-id=\"15d3ffd5\" data-element_type=\"widget\" data-e-type=\"widget\" data-widget_type=\"divider.default\">\n\t\t\t\t<div class=\"elementor-widget-container\">\n\t\t\t\t\t\t\t<div class=\"elementor-divider\">\n\t\t\t<span class=\"elementor-divider-separator\">\n\t\t\t\t\t\t<\/span>\n\t\t<\/div>\n\t\t\t\t\t\t<\/div>\n\t\t\t\t<\/div>\n\t\t\t\t<div class=\"elementor-element elementor-element-60030bf0 elementor-widget__width-inherit elementor-widget elementor-widget-heading\" data-id=\"60030bf0\" data-element_type=\"widget\" data-e-type=\"widget\" data-widget_type=\"heading.default\">\n\t\t\t\t<div class=\"elementor-widget-container\">\n\t\t\t\t\t<h1 class=\"elementor-heading-title elementor-size-default\">Avant et apr\u00e8s d\u00e9tatouage<\/h1>\t\t\t\t<\/div>\n\t\t\t\t<\/div>\n\t\t\t\t\t<\/div>\n\t\t\t\t<\/div>\n\t\t<div class=\"elementor-element elementor-element-a8f339f e-flex e-con-boxed wpr-particle-no wpr-jarallax-no wpr-parallax-no wpr-sticky-section-no wpr-equal-height-no e-con e-parent\" data-id=\"a8f339f\" data-element_type=\"container\" data-e-type=\"container\">\n\t\t\t\t\t<div class=\"e-con-inner\">\n\t\t\t\t<div class=\"elementor-element elementor-element-9afa8e9 gallery-spacing-custom elementor-widget elementor-widget-image-gallery\" data-id=\"9afa8e9\" data-element_type=\"widget\" data-e-type=\"widget\" data-widget_type=\"image-gallery.default\">\n\t\t\t\t<div class=\"elementor-widget-container\">\n\t\t\t\t\t\t\t<div class=\"elementor-image-gallery\">\n\t\t\t<div id='gallery-1' class='gallery galleryid-4106 gallery-columns-3 gallery-size-full'><figure class='gallery-item'>\n\t\t\t<div class='gallery-icon portrait'>\n\t\t\t\t<a data-elementor-open-lightbox=\"yes\" data-elementor-lightbox-slideshow=\"9afa8e9\" data-elementor-lightbox-title=\"8\" data-e-action-hash=\"#elementor-action%3Aaction%3Dlightbox%26settings%3DeyJpZCI6MjcwNiwidXJsIjoiaHR0cHM6XC9cL2JvZHljbGVhci5iZVwvd3AtY29udGVudFwvdXBsb2Fkc1wvMjAyNVwvMDJcL3VubmFtZWQtMjcuanBnIiwic2xpZGVzaG93IjoiOWFmYThlOSJ9\" href='https:\/\/bodyclear.be\/wp-content\/uploads\/2025\/02\/unnamed-27.jpg'><img fetchpriority=\"high\" decoding=\"async\" width=\"600\" height=\"675\" src=\"https:\/\/bodyclear.be\/wp-content\/uploads\/2025\/02\/unnamed-27.jpg\" class=\"attachment-full size-full\" alt=\"\" srcset=\"https:\/\/bodyclear.be\/wp-content\/uploads\/2025\/02\/unnamed-27.jpg 600w, https:\/\/bodyclear.be\/wp-content\/uploads\/2025\/02\/unnamed-27-267x300.jpg 267w\" sizes=\"(max-width: 600px) 100vw, 600px\" \/><\/a>\n\t\t\t<\/div><\/figure><figure class='gallery-item'>\n\t\t\t<div class='gallery-icon portrait'>\n\t\t\t\t<a data-elementor-open-lightbox=\"yes\" data-elementor-lightbox-slideshow=\"9afa8e9\" data-elementor-lightbox-title=\"9\" data-e-action-hash=\"#elementor-action%3Aaction%3Dlightbox%26settings%3DeyJpZCI6MjY5MiwidXJsIjoiaHR0cHM6XC9cL2JvZHljbGVhci5iZVwvd3AtY29udGVudFwvdXBsb2Fkc1wvMjAyNVwvMDJcL3VubmFtZWQtMzMuanBnIiwic2xpZGVzaG93IjoiOWFmYThlOSJ9\" href='https:\/\/bodyclear.be\/wp-content\/uploads\/2025\/02\/unnamed-33.jpg'><img decoding=\"async\" width=\"516\" height=\"583\" src=\"https:\/\/bodyclear.be\/wp-content\/uploads\/2025\/02\/unnamed-33.jpg\" class=\"attachment-full size-full\" alt=\"\" srcset=\"https:\/\/bodyclear.be\/wp-content\/uploads\/2025\/02\/unnamed-33.jpg 516w, https:\/\/bodyclear.be\/wp-content\/uploads\/2025\/02\/unnamed-33-266x300.jpg 266w\" sizes=\"(max-width: 516px) 100vw, 516px\" \/><\/a>\n\t\t\t<\/div><\/figure><figure class='gallery-item'>\n\t\t\t<div class='gallery-icon portrait'>\n\t\t\t\t<a data-elementor-open-lightbox=\"yes\" data-elementor-lightbox-slideshow=\"9afa8e9\" data-elementor-lightbox-title=\"unnamed (31)\" data-e-action-hash=\"#elementor-action%3Aaction%3Dlightbox%26settings%3DeyJpZCI6MjcxNCwidXJsIjoiaHR0cHM6XC9cL2JvZHljbGVhci5iZVwvd3AtY29udGVudFwvdXBsb2Fkc1wvMjAyNVwvMDJcL3VubmFtZWQtMzEuanBnIiwic2xpZGVzaG93IjoiOWFmYThlOSJ9\" href='https:\/\/bodyclear.be\/wp-content\/uploads\/2025\/02\/unnamed-31.jpg'><img decoding=\"async\" width=\"600\" height=\"680\" src=\"https:\/\/bodyclear.be\/wp-content\/uploads\/2025\/02\/unnamed-31.jpg\" class=\"attachment-full size-full\" alt=\"Foto van een tattoo met een grote roos op de bovenarm verwijderd werd bij Bodyclear\" srcset=\"https:\/\/bodyclear.be\/wp-content\/uploads\/2025\/02\/unnamed-31.jpg 600w, https:\/\/bodyclear.be\/wp-content\/uploads\/2025\/02\/unnamed-31-265x300.jpg 265w\" sizes=\"(max-width: 600px) 100vw, 600px\" \/><\/a>\n\t\t\t<\/div><\/figure><figure class='gallery-item'>\n\t\t\t<div class='gallery-icon portrait'>\n\t\t\t\t<a data-elementor-open-lightbox=\"yes\" data-elementor-lightbox-slideshow=\"9afa8e9\" data-elementor-lightbox-title=\"unnamed (32)\" data-e-action-hash=\"#elementor-action%3Aaction%3Dlightbox%26settings%3DeyJpZCI6MjcxNiwidXJsIjoiaHR0cHM6XC9cL2JvZHljbGVhci5iZVwvd3AtY29udGVudFwvdXBsb2Fkc1wvMjAyNVwvMDJcL3VubmFtZWQtMzIuanBnIiwic2xpZGVzaG93IjoiOWFmYThlOSJ9\" href='https:\/\/bodyclear.be\/wp-content\/uploads\/2025\/02\/unnamed-32.jpg'><img loading=\"lazy\" decoding=\"async\" width=\"600\" height=\"651\" src=\"https:\/\/bodyclear.be\/wp-content\/uploads\/2025\/02\/unnamed-32.jpg\" class=\"attachment-full size-full\" alt=\"\" srcset=\"https:\/\/bodyclear.be\/wp-content\/uploads\/2025\/02\/unnamed-32.jpg 600w, https:\/\/bodyclear.be\/wp-content\/uploads\/2025\/02\/unnamed-32-276x300.jpg 276w\" sizes=\"(max-width: 600px) 100vw, 600px\" \/><\/a>\n\t\t\t<\/div><\/figure><figure class='gallery-item'>\n\t\t\t<div class='gallery-icon portrait'>\n\t\t\t\t<a data-elementor-open-lightbox=\"yes\" data-elementor-lightbox-slideshow=\"9afa8e9\" data-elementor-lightbox-title=\"unnamed (30)\" data-e-action-hash=\"#elementor-action%3Aaction%3Dlightbox%26settings%3DeyJpZCI6MjcxMiwidXJsIjoiaHR0cHM6XC9cL2JvZHljbGVhci5iZVwvd3AtY29udGVudFwvdXBsb2Fkc1wvMjAyNVwvMDJcL3VubmFtZWQtMzAuanBnIiwic2xpZGVzaG93IjoiOWFmYThlOSJ9\" href='https:\/\/bodyclear.be\/wp-content\/uploads\/2025\/02\/unnamed-30.jpg'><img loading=\"lazy\" decoding=\"async\" width=\"600\" height=\"732\" src=\"https:\/\/bodyclear.be\/wp-content\/uploads\/2025\/02\/unnamed-30.jpg\" class=\"attachment-full size-full\" alt=\"Foto van een tattoo verwijderd werd bij Bodyclear\" srcset=\"https:\/\/bodyclear.be\/wp-content\/uploads\/2025\/02\/unnamed-30.jpg 600w, https:\/\/bodyclear.be\/wp-content\/uploads\/2025\/02\/unnamed-30-246x300.jpg 246w\" sizes=\"(max-width: 600px) 100vw, 600px\" \/><\/a>\n\t\t\t<\/div><\/figure><figure class='gallery-item'>\n\t\t\t<div class='gallery-icon portrait'>\n\t\t\t\t<a data-elementor-open-lightbox=\"yes\" data-elementor-lightbox-slideshow=\"9afa8e9\" data-elementor-lightbox-title=\"unnamed (29)\" data-e-action-hash=\"#elementor-action%3Aaction%3Dlightbox%26settings%3DeyJpZCI6MjcxMCwidXJsIjoiaHR0cHM6XC9cL2JvZHljbGVhci5iZVwvd3AtY29udGVudFwvdXBsb2Fkc1wvMjAyNVwvMDJcL3VubmFtZWQtMjkuanBnIiwic2xpZGVzaG93IjoiOWFmYThlOSJ9\" href='https:\/\/bodyclear.be\/wp-content\/uploads\/2025\/02\/unnamed-29.jpg'><img loading=\"lazy\" decoding=\"async\" width=\"600\" height=\"676\" src=\"https:\/\/bodyclear.be\/wp-content\/uploads\/2025\/02\/unnamed-29.jpg\" class=\"attachment-full size-full\" alt=\"\" srcset=\"https:\/\/bodyclear.be\/wp-content\/uploads\/2025\/02\/unnamed-29.jpg 600w, https:\/\/bodyclear.be\/wp-content\/uploads\/2025\/02\/unnamed-29-266x300.jpg 266w\" sizes=\"(max-width: 600px) 100vw, 600px\" \/><\/a>\n\t\t\t<\/div><\/figure><figure class='gallery-item'>\n\t\t\t<div class='gallery-icon portrait'>\n\t\t\t\t<a data-elementor-open-lightbox=\"yes\" data-elementor-lightbox-slideshow=\"9afa8e9\" data-elementor-lightbox-title=\"7\" data-e-action-hash=\"#elementor-action%3Aaction%3Dlightbox%26settings%3DeyJpZCI6MjcwMCwidXJsIjoiaHR0cHM6XC9cL2JvZHljbGVhci5iZVwvd3AtY29udGVudFwvdXBsb2Fkc1wvMjAyNVwvMDJcL3VubmFtZWQtMjQuanBnIiwic2xpZGVzaG93IjoiOWFmYThlOSJ9\" href='https:\/\/bodyclear.be\/wp-content\/uploads\/2025\/02\/unnamed-24.jpg'><img loading=\"lazy\" decoding=\"async\" width=\"600\" height=\"800\" src=\"https:\/\/bodyclear.be\/wp-content\/uploads\/2025\/02\/unnamed-24.jpg\" class=\"attachment-full size-full\" alt=\"Foto van een tattoo met kleine sterren verwijderd werd bij Bodyclear\" srcset=\"https:\/\/bodyclear.be\/wp-content\/uploads\/2025\/02\/unnamed-24.jpg 600w, https:\/\/bodyclear.be\/wp-content\/uploads\/2025\/02\/unnamed-24-225x300.jpg 225w\" sizes=\"(max-width: 600px) 100vw, 600px\" \/><\/a>\n\t\t\t<\/div><\/figure><figure class='gallery-item'>\n\t\t\t<div class='gallery-icon portrait'>\n\t\t\t\t<a data-elementor-open-lightbox=\"yes\" data-elementor-lightbox-slideshow=\"9afa8e9\" data-elementor-lightbox-title=\"8\" data-e-action-hash=\"#elementor-action%3Aaction%3Dlightbox%26settings%3DeyJpZCI6MjY5OCwidXJsIjoiaHR0cHM6XC9cL2JvZHljbGVhci5iZVwvd3AtY29udGVudFwvdXBsb2Fkc1wvMjAyNVwvMDJcL3VubmFtZWQtMjMuanBnIiwic2xpZGVzaG93IjoiOWFmYThlOSJ9\" href='https:\/\/bodyclear.be\/wp-content\/uploads\/2025\/02\/unnamed-23.jpg'><img loading=\"lazy\" decoding=\"async\" width=\"600\" height=\"800\" src=\"https:\/\/bodyclear.be\/wp-content\/uploads\/2025\/02\/unnamed-23.jpg\" class=\"attachment-full size-full\" alt=\"\" srcset=\"https:\/\/bodyclear.be\/wp-content\/uploads\/2025\/02\/unnamed-23.jpg 600w, https:\/\/bodyclear.be\/wp-content\/uploads\/2025\/02\/unnamed-23-225x300.jpg 225w\" sizes=\"(max-width: 600px) 100vw, 600px\" \/><\/a>\n\t\t\t<\/div><\/figure><figure class='gallery-item'>\n\t\t\t<div class='gallery-icon portrait'>\n\t\t\t\t<a data-elementor-open-lightbox=\"yes\" data-elementor-lightbox-slideshow=\"9afa8e9\" data-elementor-lightbox-title=\"unnamed (34)\" data-e-action-hash=\"#elementor-action%3Aaction%3Dlightbox%26settings%3DeyJpZCI6MjY5NCwidXJsIjoiaHR0cHM6XC9cL2JvZHljbGVhci5iZVwvd3AtY29udGVudFwvdXBsb2Fkc1wvMjAyNVwvMDJcL3VubmFtZWQtMzQuanBnIiwic2xpZGVzaG93IjoiOWFmYThlOSJ9\" href='https:\/\/bodyclear.be\/wp-content\/uploads\/2025\/02\/unnamed-34.jpg'><img loading=\"lazy\" decoding=\"async\" width=\"600\" height=\"1028\" src=\"https:\/\/bodyclear.be\/wp-content\/uploads\/2025\/02\/unnamed-34.jpg\" class=\"attachment-full size-full\" alt=\"\" srcset=\"https:\/\/bodyclear.be\/wp-content\/uploads\/2025\/02\/unnamed-34.jpg 600w, https:\/\/bodyclear.be\/wp-content\/uploads\/2025\/02\/unnamed-34-175x300.jpg 175w, https:\/\/bodyclear.be\/wp-content\/uploads\/2025\/02\/unnamed-34-598x1024.jpg 598w\" sizes=\"(max-width: 600px) 100vw, 600px\" \/><\/a>\n\t\t\t<\/div><\/figure><figure class='gallery-item'>\n\t\t\t<div class='gallery-icon portrait'>\n\t\t\t\t<a data-elementor-open-lightbox=\"yes\" data-elementor-lightbox-slideshow=\"9afa8e9\" data-elementor-lightbox-title=\"unnamed (25)\" data-e-action-hash=\"#elementor-action%3Aaction%3Dlightbox%26settings%3DeyJpZCI6MjcwMiwidXJsIjoiaHR0cHM6XC9cL2JvZHljbGVhci5iZVwvd3AtY29udGVudFwvdXBsb2Fkc1wvMjAyNVwvMDJcL3VubmFtZWQtMjUuanBnIiwic2xpZGVzaG93IjoiOWFmYThlOSJ9\" href='https:\/\/bodyclear.be\/wp-content\/uploads\/2025\/02\/unnamed-25.jpg'><img loading=\"lazy\" decoding=\"async\" width=\"600\" height=\"870\" src=\"https:\/\/bodyclear.be\/wp-content\/uploads\/2025\/02\/unnamed-25.jpg\" class=\"attachment-full size-full\" alt=\"\" srcset=\"https:\/\/bodyclear.be\/wp-content\/uploads\/2025\/02\/unnamed-25.jpg 600w, https:\/\/bodyclear.be\/wp-content\/uploads\/2025\/02\/unnamed-25-207x300.jpg 207w\" sizes=\"(max-width: 600px) 100vw, 600px\" \/><\/a>\n\t\t\t<\/div><\/figure><figure class='gallery-item'>\n\t\t\t<div class='gallery-icon portrait'>\n\t\t\t\t<a data-elementor-open-lightbox=\"yes\" data-elementor-lightbox-slideshow=\"9afa8e9\" data-elementor-lightbox-title=\"unnamed (22)\" data-e-action-hash=\"#elementor-action%3Aaction%3Dlightbox%26settings%3DeyJpZCI6MjY5NiwidXJsIjoiaHR0cHM6XC9cL2JvZHljbGVhci5iZVwvd3AtY29udGVudFwvdXBsb2Fkc1wvMjAyNVwvMDJcL3VubmFtZWQtMjIuanBnIiwic2xpZGVzaG93IjoiOWFmYThlOSJ9\" href='https:\/\/bodyclear.be\/wp-content\/uploads\/2025\/02\/unnamed-22.jpg'><img loading=\"lazy\" decoding=\"async\" width=\"600\" height=\"1068\" src=\"https:\/\/bodyclear.be\/wp-content\/uploads\/2025\/02\/unnamed-22.jpg\" class=\"attachment-full size-full\" alt=\"\" srcset=\"https:\/\/bodyclear.be\/wp-content\/uploads\/2025\/02\/unnamed-22.jpg 600w, https:\/\/bodyclear.be\/wp-content\/uploads\/2025\/02\/unnamed-22-169x300.jpg 169w, https:\/\/bodyclear.be\/wp-content\/uploads\/2025\/02\/unnamed-22-575x1024.jpg 575w\" sizes=\"(max-width: 600px) 100vw, 600px\" \/><\/a>\n\t\t\t<\/div><\/figure><figure class='gallery-item'>\n\t\t\t<div class='gallery-icon portrait'>\n\t\t\t\t<a data-elementor-open-lightbox=\"yes\" data-elementor-lightbox-slideshow=\"9afa8e9\" data-elementor-lightbox-title=\"unnamed (26)\" data-e-action-hash=\"#elementor-action%3Aaction%3Dlightbox%26settings%3DeyJpZCI6MjcwNCwidXJsIjoiaHR0cHM6XC9cL2JvZHljbGVhci5iZVwvd3AtY29udGVudFwvdXBsb2Fkc1wvMjAyNVwvMDJcL3VubmFtZWQtMjYuanBnIiwic2xpZGVzaG93IjoiOWFmYThlOSJ9\" href='https:\/\/bodyclear.be\/wp-content\/uploads\/2025\/02\/unnamed-26.jpg'><img loading=\"lazy\" decoding=\"async\" width=\"600\" height=\"786\" src=\"https:\/\/bodyclear.be\/wp-content\/uploads\/2025\/02\/unnamed-26.jpg\" class=\"attachment-full size-full\" alt=\"\" srcset=\"https:\/\/bodyclear.be\/wp-content\/uploads\/2025\/02\/unnamed-26.jpg 600w, https:\/\/bodyclear.be\/wp-content\/uploads\/2025\/02\/unnamed-26-229x300.jpg 229w\" sizes=\"(max-width: 600px) 100vw, 600px\" \/><\/a>\n\t\t\t<\/div><\/figure><figure class='gallery-item'>\n\t\t\t<div class='gallery-icon landscape'>\n\t\t\t\t<a data-elementor-open-lightbox=\"yes\" data-elementor-lightbox-slideshow=\"9afa8e9\" data-elementor-lightbox-title=\"unnamed (20)\" data-e-action-hash=\"#elementor-action%3Aaction%3Dlightbox%26settings%3DeyJpZCI6MjcyMCwidXJsIjoiaHR0cHM6XC9cL2JvZHljbGVhci5iZVwvd3AtY29udGVudFwvdXBsb2Fkc1wvMjAyNVwvMDJcL3VubmFtZWQtMjAuanBnIiwic2xpZGVzaG93IjoiOWFmYThlOSJ9\" href='https:\/\/bodyclear.be\/wp-content\/uploads\/2025\/02\/unnamed-20.jpg'><img loading=\"lazy\" decoding=\"async\" width=\"600\" height=\"450\" src=\"https:\/\/bodyclear.be\/wp-content\/uploads\/2025\/02\/unnamed-20.jpg\" class=\"attachment-full size-full\" alt=\"\" srcset=\"https:\/\/bodyclear.be\/wp-content\/uploads\/2025\/02\/unnamed-20.jpg 600w, https:\/\/bodyclear.be\/wp-content\/uploads\/2025\/02\/unnamed-20-300x225.jpg 300w\" sizes=\"(max-width: 600px) 100vw, 600px\" \/><\/a>\n\t\t\t<\/div><\/figure><figure class='gallery-item'>\n\t\t\t<div class='gallery-icon landscape'>\n\t\t\t\t<a data-elementor-open-lightbox=\"yes\" data-elementor-lightbox-slideshow=\"9afa8e9\" data-elementor-lightbox-title=\"unnamed (28)\" data-e-action-hash=\"#elementor-action%3Aaction%3Dlightbox%26settings%3DeyJpZCI6MjcwOCwidXJsIjoiaHR0cHM6XC9cL2JvZHljbGVhci5iZVwvd3AtY29udGVudFwvdXBsb2Fkc1wvMjAyNVwvMDJcL3VubmFtZWQtMjguanBnIiwic2xpZGVzaG93IjoiOWFmYThlOSJ9\" href='https:\/\/bodyclear.be\/wp-content\/uploads\/2025\/02\/unnamed-28.jpg'><img loading=\"lazy\" decoding=\"async\" width=\"600\" height=\"450\" src=\"https:\/\/bodyclear.be\/wp-content\/uploads\/2025\/02\/unnamed-28.jpg\" class=\"attachment-full size-full\" alt=\"\" srcset=\"https:\/\/bodyclear.be\/wp-content\/uploads\/2025\/02\/unnamed-28.jpg 600w, https:\/\/bodyclear.be\/wp-content\/uploads\/2025\/02\/unnamed-28-300x225.jpg 300w\" sizes=\"(max-width: 600px) 100vw, 600px\" \/><\/a>\n\t\t\t<\/div><\/figure><figure class='gallery-item'>\n\t\t\t<div class='gallery-icon landscape'>\n\t\t\t\t<a data-elementor-open-lightbox=\"yes\" data-elementor-lightbox-slideshow=\"9afa8e9\" data-elementor-lightbox-title=\"unnamed (19)\" data-e-action-hash=\"#elementor-action%3Aaction%3Dlightbox%26settings%3DeyJpZCI6MjcxOCwidXJsIjoiaHR0cHM6XC9cL2JvZHljbGVhci5iZVwvd3AtY29udGVudFwvdXBsb2Fkc1wvMjAyNVwvMDJcL3VubmFtZWQtMTkuanBnIiwic2xpZGVzaG93IjoiOWFmYThlOSJ9\" href='https:\/\/bodyclear.be\/wp-content\/uploads\/2025\/02\/unnamed-19.jpg'><img loading=\"lazy\" decoding=\"async\" width=\"600\" height=\"450\" src=\"https:\/\/bodyclear.be\/wp-content\/uploads\/2025\/02\/unnamed-19.jpg\" class=\"attachment-full size-full\" alt=\"\" srcset=\"https:\/\/bodyclear.be\/wp-content\/uploads\/2025\/02\/unnamed-19.jpg 600w, https:\/\/bodyclear.be\/wp-content\/uploads\/2025\/02\/unnamed-19-300x225.jpg 300w\" sizes=\"(max-width: 600px) 100vw, 600px\" \/><\/a>\n\t\t\t<\/div><\/figure><figure class='gallery-item'>\n\t\t\t<div class='gallery-icon landscape'>\n\t\t\t\t<a data-elementor-open-lightbox=\"yes\" data-elementor-lightbox-slideshow=\"9afa8e9\" data-elementor-lightbox-title=\"unnamed (21)\" data-e-action-hash=\"#elementor-action%3Aaction%3Dlightbox%26settings%3DeyJpZCI6MjcyMiwidXJsIjoiaHR0cHM6XC9cL2JvZHljbGVhci5iZVwvd3AtY29udGVudFwvdXBsb2Fkc1wvMjAyNVwvMDJcL3VubmFtZWQtMjEuanBnIiwic2xpZGVzaG93IjoiOWFmYThlOSJ9\" href='https:\/\/bodyclear.be\/wp-content\/uploads\/2025\/02\/unnamed-21.jpg'><img loading=\"lazy\" decoding=\"async\" width=\"600\" height=\"450\" src=\"https:\/\/bodyclear.be\/wp-content\/uploads\/2025\/02\/unnamed-21.jpg\" class=\"attachment-full size-full\" alt=\"\" srcset=\"https:\/\/bodyclear.be\/wp-content\/uploads\/2025\/02\/unnamed-21.jpg 600w, https:\/\/bodyclear.be\/wp-content\/uploads\/2025\/02\/unnamed-21-300x225.jpg 300w\" sizes=\"(max-width: 600px) 100vw, 600px\" \/><\/a>\n\t\t\t<\/div><\/figure>\n\t\t<\/div>\n\t\t<\/div>\n\t\t\t\t\t\t<\/div>\n\t\t\t\t<\/div>\n\t\t\t\t<div class=\"elementor-element elementor-element-245bc1d2 elementor-align-left elementor-widget__width-inherit elementor-widget elementor-widget-button\" data-id=\"245bc1d2\" data-element_type=\"widget\" data-e-type=\"widget\" data-widget_type=\"button.default\">\n\t\t\t\t<div class=\"elementor-widget-container\">\n\t\t\t\t\t\t\t\t\t<div class=\"elementor-button-wrapper\">\n\t\t\t\t\t<a class=\"elementor-button elementor-button-link elementor-size-sm\" href=\"https:\/\/bodyclear.be\/fr\/photos-avant-et-apres\/avant-et-apres-le-pmu\/\">\n\t\t\t\t\t\t<span class=\"elementor-button-content-wrapper\">\n\t\t\t\t\t\t\t\t\t<span class=\"elementor-button-text\">Voir les photos avant et apr\u00e8s un d\u00e9tatouage PMU<\/span>\n\t\t\t\t\t<\/span>\n\t\t\t\t\t<\/a>\n\t\t\t\t<\/div>\n\t\t\t\t\t\t\t\t<\/div>\n\t\t\t\t<\/div>\n\t\t\t\t\t<\/div>\n\t\t\t\t<\/div>\n\t\t\t\t<\/div>\n\t\t","protected":false},"excerpt":{"rendered":"<p>Avant et apr\u00e8s d\u00e9tatouage Voir les photos avant et apr\u00e8s un d\u00e9tatouage PMU<\/p>\n","protected":false},"author":2,"featured_media":0,"parent":4040,"menu_order":0,"comment_status":"closed","ping_status":"closed","template":"","meta":{"footnotes":""},"class_list":["post-4106","page","type-page","status-publish","hentry"],"yoast_head":"<!-- This site is optimized with the Yoast SEO plugin v27.4 - https:\/\/yoast.com\/product\/yoast-seo-wordpress\/ -->\n<title>Photos avant et apr\u00e8s le d\u00e9tatouage - bodyclear.be<\/title>\n<meta name=\"description\" content=\"D\u00e9couvrez ici quelques photos avant et apr\u00e8s nos traitements au laser pour l&#039;\u00e9limination des tatouages chez BodyClear.\" \/>\n<meta name=\"robots\" content=\"index, follow, max-snippet:-1, max-image-preview:large, max-video-preview:-1\" \/>\n<link rel=\"canonical\" href=\"https:\/\/bodyclear.be\/fr\/photos-avant-et-apres\/avant-et-apres-detatouage\/\" \/>\n<meta property=\"og:locale\" content=\"fr_FR\" \/>\n<meta property=\"og:type\" content=\"article\" \/>\n<meta property=\"og:title\" content=\"Photos avant et apr\u00e8s le d\u00e9tatouage - bodyclear.be\" \/>\n<meta property=\"og:description\" content=\"D\u00e9couvrez ici quelques photos avant et apr\u00e8s nos traitements au laser pour l&#039;\u00e9limination des tatouages chez BodyClear.\" \/>\n<meta property=\"og:url\" content=\"https:\/\/bodyclear.be\/fr\/photos-avant-et-apres\/avant-et-apres-detatouage\/\" \/>\n<meta property=\"og:site_name\" content=\"bodyclear.be\" \/>\n<meta property=\"article:modified_time\" content=\"2025-03-04T13:03:03+00:00\" \/>\n<meta property=\"og:image\" content=\"https:\/\/bodyclear.be\/wp-content\/uploads\/2025\/02\/unnamed-27.jpg\" \/>\n<meta name=\"twitter:card\" content=\"summary_large_image\" \/>\n<!-- \/ Yoast SEO plugin. -->","yoast_head_json":{"title":"Photos avant et apr\u00e8s le d\u00e9tatouage - bodyclear.be","description":"D\u00e9couvrez ici quelques photos avant et apr\u00e8s nos traitements au laser pour l'\u00e9limination des tatouages chez BodyClear.","robots":{"index":"index","follow":"follow","max-snippet":"max-snippet:-1","max-image-preview":"max-image-preview:large","max-video-preview":"max-video-preview:-1"},"canonical":"https:\/\/bodyclear.be\/fr\/photos-avant-et-apres\/avant-et-apres-detatouage\/","og_locale":"fr_FR","og_type":"article","og_title":"Photos avant et apr\u00e8s le d\u00e9tatouage - bodyclear.be","og_description":"D\u00e9couvrez ici quelques photos avant et apr\u00e8s nos traitements au laser pour l'\u00e9limination des tatouages chez BodyClear.","og_url":"https:\/\/bodyclear.be\/fr\/photos-avant-et-apres\/avant-et-apres-detatouage\/","og_site_name":"bodyclear.be","article_modified_time":"2025-03-04T13:03:03+00:00","og_image":[{"url":"https:\/\/bodyclear.be\/wp-content\/uploads\/2025\/02\/unnamed-27.jpg","type":"","width":"","height":""}],"twitter_card":"summary_large_image","schema":{"@context":"https:\/\/schema.org","@graph":[{"@type":"WebPage","@id":"https:\/\/bodyclear.be\/fr\/photos-avant-et-apres\/avant-et-apres-detatouage\/","url":"https:\/\/bodyclear.be\/fr\/photos-avant-et-apres\/avant-et-apres-detatouage\/","name":"Photos avant et apr\u00e8s le d\u00e9tatouage - bodyclear.be","isPartOf":{"@id":"https:\/\/bodyclear.be\/fr\/#website"},"primaryImageOfPage":{"@id":"https:\/\/bodyclear.be\/fr\/photos-avant-et-apres\/avant-et-apres-detatouage\/#primaryimage"},"image":{"@id":"https:\/\/bodyclear.be\/fr\/photos-avant-et-apres\/avant-et-apres-detatouage\/#primaryimage"},"thumbnailUrl":"https:\/\/bodyclear.be\/wp-content\/uploads\/2025\/02\/unnamed-27.jpg","datePublished":"2025-02-14T09:01:42+00:00","dateModified":"2025-03-04T13:03:03+00:00","description":"D\u00e9couvrez ici quelques photos avant et apr\u00e8s nos traitements au laser pour l'\u00e9limination des tatouages chez BodyClear.","breadcrumb":{"@id":"https:\/\/bodyclear.be\/fr\/photos-avant-et-apres\/avant-et-apres-detatouage\/#breadcrumb"},"inLanguage":"fr-FR","potentialAction":[{"@type":"ReadAction","target":["https:\/\/bodyclear.be\/fr\/photos-avant-et-apres\/avant-et-apres-detatouage\/"]}]},{"@type":"ImageObject","inLanguage":"fr-FR","@id":"https:\/\/bodyclear.be\/fr\/photos-avant-et-apres\/avant-et-apres-detatouage\/#primaryimage","url":"https:\/\/bodyclear.be\/wp-content\/uploads\/2025\/02\/unnamed-27.jpg","contentUrl":"https:\/\/bodyclear.be\/wp-content\/uploads\/2025\/02\/unnamed-27.jpg"},{"@type":"BreadcrumbList","@id":"https:\/\/bodyclear.be\/fr\/photos-avant-et-apres\/avant-et-apres-detatouage\/#breadcrumb","itemListElement":[{"@type":"ListItem","position":1,"name":"Home","item":"https:\/\/bodyclear.be\/fr\/"},{"@type":"ListItem","position":2,"name":"Photos avant et apr\u00e8s","item":"https:\/\/bodyclear.be\/fr\/photos-avant-et-apres\/"},{"@type":"ListItem","position":3,"name":"Avant et apr\u00e8s d\u00e9tatouage"}]},{"@type":"WebSite","@id":"https:\/\/bodyclear.be\/fr\/#website","url":"https:\/\/bodyclear.be\/fr\/","name":"bodyclear.be","description":"","potentialAction":[{"@type":"SearchAction","target":{"@type":"EntryPoint","urlTemplate":"https:\/\/bodyclear.be\/fr\/?s={search_term_string}"},"query-input":{"@type":"PropertyValueSpecification","valueRequired":true,"valueName":"search_term_string"}}],"inLanguage":"fr-FR"}]}},"_links":{"self":[{"href":"https:\/\/bodyclear.be\/fr\/wp-json\/wp\/v2\/pages\/4106","targetHints":{"allow":["GET"]}}],"collection":[{"href":"https:\/\/bodyclear.be\/fr\/wp-json\/wp\/v2\/pages"}],"about":[{"href":"https:\/\/bodyclear.be\/fr\/wp-json\/wp\/v2\/types\/page"}],"author":[{"embeddable":true,"href":"https:\/\/bodyclear.be\/fr\/wp-json\/wp\/v2\/users\/2"}],"replies":[{"embeddable":true,"href":"https:\/\/bodyclear.be\/fr\/wp-json\/wp\/v2\/comments?post=4106"}],"version-history":[{"count":3,"href":"https:\/\/bodyclear.be\/fr\/wp-json\/wp\/v2\/pages\/4106\/revisions"}],"predecessor-version":[{"id":4117,"href":"https:\/\/bodyclear.be\/fr\/wp-json\/wp\/v2\/pages\/4106\/revisions\/4117"}],"up":[{"embeddable":true,"href":"https:\/\/bodyclear.be\/fr\/wp-json\/wp\/v2\/pages\/4040"}],"wp:attachment":[{"href":"https:\/\/bodyclear.be\/fr\/wp-json\/wp\/v2\/media?parent=4106"}],"curies":[{"name":"wp","href":"https:\/\/api.w.org\/{rel}","templated":true}]}}