{"id":7240,"date":"2026-02-16T10:01:37","date_gmt":"2026-02-16T10:01:37","guid":{"rendered":"https:\/\/bodyclear.be\/therapie-au-laser-de-bas-niveau-llt\/"},"modified":"2026-02-18T10:18:41","modified_gmt":"2026-02-18T10:18:41","slug":"therapie-au-laser-de-bas-niveau-llt","status":"publish","type":"page","link":"https:\/\/bodyclear.be\/fr\/therapie-au-laser-de-bas-niveau-llt\/","title":{"rendered":"Th\u00e9rapie au laser de bas niveau (LLT)"},"content":{"rendered":"\t\t<div data-elementor-type=\"wp-page\" data-elementor-id=\"7240\" class=\"elementor elementor-7240 elementor-7081\">\n\t\t\t\t<div class=\"elementor-element elementor-element-66aa102c e-flex e-con-boxed wpr-particle-no wpr-jarallax-no wpr-parallax-no wpr-sticky-section-no wpr-equal-height-no e-con e-parent\" data-id=\"66aa102c\" data-element_type=\"container\" data-e-type=\"container\" data-settings=\"{&quot;background_background&quot;:&quot;classic&quot;}\">\n\t\t\t\t\t<div class=\"e-con-inner\">\n\t\t\t\t<div class=\"elementor-element elementor-element-6d9a9ef8 elementor-widget__width-inherit elementor-widget elementor-widget-heading\" data-id=\"6d9a9ef8\" data-element_type=\"widget\" data-e-type=\"widget\" data-widget_type=\"heading.default\">\n\t\t\t\t<div class=\"elementor-widget-container\">\n\t\t\t\t\t<h1 class=\"elementor-heading-title elementor-size-default\">Th\u00e9rapie au laser \u00e0 faible niveau<\/h1>\t\t\t\t<\/div>\n\t\t\t\t<\/div>\n\t\t\t\t<div class=\"elementor-element elementor-element-50f45904 arrow elementor-widget elementor-widget-html\" data-id=\"50f45904\" data-element_type=\"widget\" data-e-type=\"widget\" data-widget_type=\"html.default\">\n\t\t\t\t<div class=\"elementor-widget-container\">\n\t\t\t\t\t<a href=\"#sectie-1\" class=\"arrowed\">\r\n  <div class=\"arrow-1\"><\/div>\r\n<\/a>\t\t\t\t<\/div>\n\t\t\t\t<\/div>\n\t\t\t\t\t<\/div>\n\t\t\t\t<\/div>\n\t\t<div class=\"elementor-element elementor-element-698137a8 e-flex e-con-boxed wpr-particle-no wpr-jarallax-no wpr-parallax-no wpr-sticky-section-no wpr-equal-height-no e-con e-parent\" data-id=\"698137a8\" data-element_type=\"container\" data-e-type=\"container\" data-settings=\"{&quot;background_background&quot;:&quot;classic&quot;}\">\n\t\t\t\t\t<div class=\"e-con-inner\">\n\t\t\t\t<div class=\"elementor-element elementor-element-6d9c3f84 elementor-icon-list--layout-inline elementor-mobile-align-start elementor-widget__width-auto elementor-list-item-link-full_width elementor-widget elementor-widget-icon-list\" data-id=\"6d9c3f84\" data-element_type=\"widget\" data-e-type=\"widget\" data-widget_type=\"icon-list.default\">\n\t\t\t\t<div class=\"elementor-widget-container\">\n\t\t\t\t\t\t\t<ul class=\"elementor-icon-list-items elementor-inline-items\">\n\t\t\t\t\t\t\t<li class=\"elementor-icon-list-item elementor-inline-item\">\n\t\t\t\t\t\t\t\t\t\t\t<span class=\"elementor-icon-list-icon\">\n\t\t\t\t\t\t\t<svg aria-hidden=\"true\" class=\"e-font-icon-svg e-fas-check\" viewBox=\"0 0 512 512\" xmlns=\"http:\/\/www.w3.org\/2000\/svg\"><path d=\"M173.898 439.404l-166.4-166.4c-9.997-9.997-9.997-26.206 0-36.204l36.203-36.204c9.997-9.998 26.207-9.998 36.204 0L192 312.69 432.095 72.596c9.997-9.997 26.207-9.997 36.204 0l36.203 36.204c9.997 9.997 9.997 26.206 0 36.204l-294.4 294.401c-9.998 9.997-26.207 9.997-36.204-.001z\"><\/path><\/svg>\t\t\t\t\t\t<\/span>\n\t\t\t\t\t\t\t\t\t\t<span class=\"elementor-icon-list-text\">Diff\u00e9rents centres de traitement<\/span>\n\t\t\t\t\t\t\t\t\t<\/li>\n\t\t\t\t\t\t<\/ul>\n\t\t\t\t\t\t<\/div>\n\t\t\t\t<\/div>\n\t\t\t\t<div class=\"elementor-element elementor-element-4a45f8c8 elementor-icon-list--layout-inline elementor-mobile-align-start elementor-widget__width-auto elementor-list-item-link-full_width elementor-widget elementor-widget-icon-list\" data-id=\"4a45f8c8\" data-element_type=\"widget\" data-e-type=\"widget\" data-widget_type=\"icon-list.default\">\n\t\t\t\t<div class=\"elementor-widget-container\">\n\t\t\t\t\t\t\t<ul class=\"elementor-icon-list-items elementor-inline-items\">\n\t\t\t\t\t\t\t<li class=\"elementor-icon-list-item elementor-inline-item\">\n\t\t\t\t\t\t\t\t\t\t\t<a href=\"https:\/\/share.google\/Na9yQHDGjy5UwvAKK\">\n\n\t\t\t\t\t\t\t\t\t\t\t\t<span class=\"elementor-icon-list-icon\">\n\t\t\t\t\t\t\t<svg aria-hidden=\"true\" class=\"e-font-icon-svg e-fas-check\" viewBox=\"0 0 512 512\" xmlns=\"http:\/\/www.w3.org\/2000\/svg\"><path d=\"M173.898 439.404l-166.4-166.4c-9.997-9.997-9.997-26.206 0-36.204l36.203-36.204c9.997-9.998 26.207-9.998 36.204 0L192 312.69 432.095 72.596c9.997-9.997 26.207-9.997 36.204 0l36.203 36.204c9.997 9.997 9.997 26.206 0 36.204l-294.4 294.401c-9.998 9.997-26.207 9.997-36.204-.001z\"><\/path><\/svg>\t\t\t\t\t\t<\/span>\n\t\t\t\t\t\t\t\t\t\t<span class=\"elementor-icon-list-text\">4,6\/5 sur Google<\/span>\n\t\t\t\t\t\t\t\t\t\t\t<\/a>\n\t\t\t\t\t\t\t\t\t<\/li>\n\t\t\t\t\t\t<\/ul>\n\t\t\t\t\t\t<\/div>\n\t\t\t\t<\/div>\n\t\t\t\t<div class=\"elementor-element elementor-element-6d7d1833 elementor-icon-list--layout-inline elementor-mobile-align-start elementor-widget__width-auto elementor-list-item-link-full_width elementor-widget elementor-widget-icon-list\" data-id=\"6d7d1833\" data-element_type=\"widget\" data-e-type=\"widget\" data-widget_type=\"icon-list.default\">\n\t\t\t\t<div class=\"elementor-widget-container\">\n\t\t\t\t\t\t\t<ul class=\"elementor-icon-list-items elementor-inline-items\">\n\t\t\t\t\t\t\t<li class=\"elementor-icon-list-item elementor-inline-item\">\n\t\t\t\t\t\t\t\t\t\t\t<span class=\"elementor-icon-list-icon\">\n\t\t\t\t\t\t\t<svg aria-hidden=\"true\" class=\"e-font-icon-svg e-fas-check\" viewBox=\"0 0 512 512\" xmlns=\"http:\/\/www.w3.org\/2000\/svg\"><path d=\"M173.898 439.404l-166.4-166.4c-9.997-9.997-9.997-26.206 0-36.204l36.203-36.204c9.997-9.998 26.207-9.998 36.204 0L192 312.69 432.095 72.596c9.997-9.997 26.207-9.997 36.204 0l36.203 36.204c9.997 9.997 9.997 26.206 0 36.204l-294.4 294.401c-9.998 9.997-26.207 9.997-36.204-.001z\"><\/path><\/svg>\t\t\t\t\t\t<\/span>\n\t\t\t\t\t\t\t\t\t\t<span class=\"elementor-icon-list-text\">7+ ans d'exp\u00e9rience<\/span>\n\t\t\t\t\t\t\t\t\t<\/li>\n\t\t\t\t\t\t<\/ul>\n\t\t\t\t\t\t<\/div>\n\t\t\t\t<\/div>\n\t\t\t\t\t<\/div>\n\t\t\t\t<\/div>\n\t\t<div class=\"elementor-element elementor-element-1ca01806 e-flex e-con-boxed wpr-particle-no wpr-jarallax-no wpr-parallax-no wpr-sticky-section-no wpr-equal-height-no e-con e-parent\" data-id=\"1ca01806\" data-element_type=\"container\" data-e-type=\"container\" id=\"hoe-werkt-het\" data-settings=\"{&quot;background_background&quot;:&quot;classic&quot;}\">\n\t\t\t\t\t<div class=\"e-con-inner\">\n\t\t<div class=\"elementor-element elementor-element-26cd4495 e-con-full e-flex wpr-particle-no wpr-jarallax-no wpr-parallax-no wpr-sticky-section-no wpr-equal-height-no e-con e-child\" data-id=\"26cd4495\" data-element_type=\"container\" data-e-type=\"container\">\n\t\t\t\t<div class=\"elementor-element elementor-element-6b1116ea elementor-widget elementor-widget-heading\" data-id=\"6b1116ea\" data-element_type=\"widget\" data-e-type=\"widget\" data-widget_type=\"heading.default\">\n\t\t\t\t<div class=\"elementor-widget-container\">\n\t\t\t\t\t<h2 class=\"elementor-heading-title elementor-size-default\">Donnez une longueur d'avance \u00e0 vos cellules gr\u00e2ce \u00e0 la th\u00e9rapie laser de bas niveau<\/h2>\t\t\t\t<\/div>\n\t\t\t\t<\/div>\n\t\t\t\t<div class=\"elementor-element elementor-element-16a62956 elementor-widget elementor-widget-text-editor\" data-id=\"16a62956\" data-element_type=\"widget\" data-e-type=\"widget\" data-widget_type=\"text-editor.default\">\n\t\t\t\t<div class=\"elementor-widget-container\">\n\t\t\t\t\t\t\t\t\t<p><span style=\"font-weight: 400;\">La LLLT est une m\u00e9thode pionni\u00e8re dans laquelle des ondes lumineuses sp\u00e9cifiques p\u00e9n\u00e8trent profond\u00e9ment dans vos tissus. Cette lumi\u00e8re est absorb\u00e9e par vos cellules et convertie en \u00e9nergie pure (ATP). Pensez-y comme \u00e0 une &#8220;photosynth\u00e8se pour les humains&#8221; : nous utilisons la lumi\u00e8re pour acc\u00e9l\u00e9rer des processus biologiques naturels qui prennent normalement beaucoup de temps et d&#8217;\u00e9nergie.  <\/span><\/p>\t\t\t\t\t\t\t\t<\/div>\n\t\t\t\t<\/div>\n\t\t\t\t<\/div>\n\t\t\t\t\t<\/div>\n\t\t\t\t<\/div>\n\t\t<div class=\"elementor-element elementor-element-628c1461 e-flex e-con-boxed wpr-particle-no wpr-jarallax-no wpr-parallax-no wpr-sticky-section-no wpr-equal-height-no e-con e-parent\" data-id=\"628c1461\" data-element_type=\"container\" data-e-type=\"container\" data-settings=\"{&quot;background_background&quot;:&quot;classic&quot;}\">\n\t\t\t\t\t<div class=\"e-con-inner\">\n\t\t<div class=\"elementor-element elementor-element-105719be e-con-full e-flex wpr-particle-no wpr-jarallax-no wpr-parallax-no wpr-sticky-section-no wpr-equal-height-no e-con e-child\" data-id=\"105719be\" data-element_type=\"container\" data-e-type=\"container\">\n\t\t\t\t<div class=\"elementor-element elementor-element-6114b468 elementor-widget elementor-widget-heading\" data-id=\"6114b468\" data-element_type=\"widget\" data-e-type=\"widget\" data-widget_type=\"heading.default\">\n\t\t\t\t<div class=\"elementor-widget-container\">\n\t\t\t\t\t<h2 class=\"elementor-heading-title elementor-size-default\">Pourquoi la LLLT est indispensable \u00e0 votre r\u00e9tablissement :<\/h2>\t\t\t\t<\/div>\n\t\t\t\t<\/div>\n\t\t\t\t<div class=\"elementor-element elementor-element-073fe1e elementor-icon-list--layout-traditional elementor-list-item-link-full_width elementor-widget elementor-widget-icon-list\" data-id=\"073fe1e\" data-element_type=\"widget\" data-e-type=\"widget\" data-widget_type=\"icon-list.default\">\n\t\t\t\t<div class=\"elementor-widget-container\">\n\t\t\t\t\t\t\t<ul class=\"elementor-icon-list-items\">\n\t\t\t\t\t\t\t<li class=\"elementor-icon-list-item\">\n\t\t\t\t\t\t\t\t\t\t\t<span class=\"elementor-icon-list-icon\">\n\t\t\t\t\t\t\t<svg aria-hidden=\"true\" class=\"e-font-icon-svg e-fas-check\" viewBox=\"0 0 512 512\" xmlns=\"http:\/\/www.w3.org\/2000\/svg\"><path d=\"M173.898 439.404l-166.4-166.4c-9.997-9.997-9.997-26.206 0-36.204l36.203-36.204c9.997-9.998 26.207-9.998 36.204 0L192 312.69 432.095 72.596c9.997-9.997 26.207-9.997 36.204 0l36.203 36.204c9.997 9.997 9.997 26.206 0 36.204l-294.4 294.401c-9.998 9.997-26.207 9.997-36.204-.001z\"><\/path><\/svg>\t\t\t\t\t\t<\/span>\n\t\t\t\t\t\t\t\t\t\t<span class=\"elementor-icon-list-text\"><b>Rebond plus rapide :<\/b><br>LLLT acc\u00e9l\u00e8re la production de nouvelles cellules, ce qui permet aux blessures (sportives) et aux cicatrices de gu\u00e9rir beaucoup plus rapidement.<\/span>\n\t\t\t\t\t\t\t\t\t<\/li>\n\t\t\t\t\t\t\t\t<li class=\"elementor-icon-list-item\">\n\t\t\t\t\t\t\t\t\t\t\t<span class=\"elementor-icon-list-icon\">\n\t\t\t\t\t\t\t<svg aria-hidden=\"true\" class=\"e-font-icon-svg e-fas-check\" viewBox=\"0 0 512 512\" xmlns=\"http:\/\/www.w3.org\/2000\/svg\"><path d=\"M173.898 439.404l-166.4-166.4c-9.997-9.997-9.997-26.206 0-36.204l36.203-36.204c9.997-9.998 26.207-9.998 36.204 0L192 312.69 432.095 72.596c9.997-9.997 26.207-9.997 36.204 0l36.203 36.204c9.997 9.997 9.997 26.206 0 36.204l-294.4 294.401c-9.998 9.997-26.207 9.997-36.204-.001z\"><\/path><\/svg>\t\t\t\t\t\t<\/span>\n\t\t\t\t\t\t\t\t\t\t<span class=\"elementor-icon-list-text\"><b>Soulagement naturel de la douleur :<\/b><br>La lumi\u00e8re calme les r\u00e9cepteurs de la douleur, ce qui vous incite moins \u00e0 recourir aux analg\u00e9siques chimiques.<\/span>\n\t\t\t\t\t\t\t\t\t<\/li>\n\t\t\t\t\t\t\t\t<li class=\"elementor-icon-list-item\">\n\t\t\t\t\t\t\t\t\t\t\t<span class=\"elementor-icon-list-icon\">\n\t\t\t\t\t\t\t<svg aria-hidden=\"true\" class=\"e-font-icon-svg e-fas-check\" viewBox=\"0 0 512 512\" xmlns=\"http:\/\/www.w3.org\/2000\/svg\"><path d=\"M173.898 439.404l-166.4-166.4c-9.997-9.997-9.997-26.206 0-36.204l36.203-36.204c9.997-9.998 26.207-9.998 36.204 0L192 312.69 432.095 72.596c9.997-9.997 26.207-9.997 36.204 0l36.203 36.204c9.997 9.997 9.997 26.206 0 36.204l-294.4 294.401c-9.998 9.997-26.207 9.997-36.204-.001z\"><\/path><\/svg>\t\t\t\t\t\t<\/span>\n\t\t\t\t\t\t\t\t\t\t<span class=\"elementor-icon-list-text\"><b>Inhibition de l'inflammation :<\/b><br>LLLT r\u00e9duit le gonflement et le stress cellulaire, ce qui acc\u00e9l\u00e8re l'inflammation.<\/span>\n\t\t\t\t\t\t\t\t\t<\/li>\n\t\t\t\t\t\t\t\t<li class=\"elementor-icon-list-item\">\n\t\t\t\t\t\t\t\t\t\t\t<span class=\"elementor-icon-list-icon\">\n\t\t\t\t\t\t\t<svg aria-hidden=\"true\" class=\"e-font-icon-svg e-fas-check\" viewBox=\"0 0 512 512\" xmlns=\"http:\/\/www.w3.org\/2000\/svg\"><path d=\"M173.898 439.404l-166.4-166.4c-9.997-9.997-9.997-26.206 0-36.204l36.203-36.204c9.997-9.998 26.207-9.998 36.204 0L192 312.69 432.095 72.596c9.997-9.997 26.207-9.997 36.204 0l36.203 36.204c9.997 9.997 9.997 26.206 0 36.204l-294.4 294.401c-9.998 9.997-26.207 9.997-36.204-.001z\"><\/path><\/svg>\t\t\t\t\t\t<\/span>\n\t\t\t\t\t\t\t\t\t\t<span class=\"elementor-icon-list-text\"><b>Am\u00e9lioration de la circulation sanguine :<\/b><br>Stimule la production de nouveaux vaisseaux sanguins pour un apport optimal de nutriments et de vitamines.<\/span>\n\t\t\t\t\t\t\t\t\t<\/li>\n\t\t\t\t\t\t\t\t<li class=\"elementor-icon-list-item\">\n\t\t\t\t\t\t\t\t\t\t\t<span class=\"elementor-icon-list-icon\">\n\t\t\t\t\t\t\t<svg aria-hidden=\"true\" class=\"e-font-icon-svg e-fas-check\" viewBox=\"0 0 512 512\" xmlns=\"http:\/\/www.w3.org\/2000\/svg\"><path d=\"M173.898 439.404l-166.4-166.4c-9.997-9.997-9.997-26.206 0-36.204l36.203-36.204c9.997-9.998 26.207-9.998 36.204 0L192 312.69 432.095 72.596c9.997-9.997 26.207-9.997 36.204 0l36.203 36.204c9.997 9.997 9.997 26.206 0 36.204l-294.4 294.401c-9.998 9.997-26.207 9.997-36.204-.001z\"><\/path><\/svg>\t\t\t\t\t\t<\/span>\n\t\t\t\t\t\t\t\t\t\t<span class=\"elementor-icon-list-text\"><b>S\u00fbr et confortable :<\/b><br>Un traitement confortable sans aiguilles, sans chaleur et sans effets secondaires.<\/span>\n\t\t\t\t\t\t\t\t\t<\/li>\n\t\t\t\t\t\t<\/ul>\n\t\t\t\t\t\t<\/div>\n\t\t\t\t<\/div>\n\t\t\t\t<div class=\"elementor-element elementor-element-5787ca60 elementor-align-left elementor-widget__width-inherit elementor-widget elementor-widget-button\" data-id=\"5787ca60\" data-element_type=\"widget\" data-e-type=\"widget\" data-widget_type=\"button.default\">\n\t\t\t\t<div class=\"elementor-widget-container\">\n\t\t\t\t\t\t\t\t\t<div class=\"elementor-button-wrapper\">\n\t\t\t\t\t<a class=\"elementor-button elementor-button-link elementor-size-sm\" href=\"https:\/\/salonkee.be\/salon\/bodyclear\/widget\/service?search=lichaam\">\n\t\t\t\t\t\t<span class=\"elementor-button-content-wrapper\">\n\t\t\t\t\t\t\t\t\t<span class=\"elementor-button-text\">Prendre rendez-vous<\/span>\n\t\t\t\t\t<\/span>\n\t\t\t\t\t<\/a>\n\t\t\t\t<\/div>\n\t\t\t\t\t\t\t\t<\/div>\n\t\t\t\t<\/div>\n\t\t\t\t<\/div>\n\t\t<div class=\"elementor-element elementor-element-4ea3b44c e-con-full e-flex wpr-particle-no wpr-jarallax-no wpr-parallax-no wpr-sticky-section-no wpr-equal-height-no e-con e-child\" data-id=\"4ea3b44c\" data-element_type=\"container\" data-e-type=\"container\" data-settings=\"{&quot;background_background&quot;:&quot;classic&quot;}\">\n\t\t\t\t<\/div>\n\t\t\t\t\t<\/div>\n\t\t\t\t<\/div>\n\t\t<div class=\"elementor-element elementor-element-e9cc3e1 e-flex e-con-boxed wpr-particle-no wpr-jarallax-no wpr-parallax-no wpr-sticky-section-no wpr-equal-height-no e-con e-parent\" data-id=\"e9cc3e1\" data-element_type=\"container\" data-e-type=\"container\" data-settings=\"{&quot;background_background&quot;:&quot;classic&quot;}\">\n\t\t\t\t\t<div class=\"e-con-inner\">\n\t\t<div class=\"elementor-element elementor-element-1676ac6 e-con-full elementor-hidden-tablet elementor-hidden-mobile e-flex wpr-particle-no wpr-jarallax-no wpr-parallax-no wpr-sticky-section-no wpr-equal-height-no e-con e-child\" data-id=\"1676ac6\" data-element_type=\"container\" data-e-type=\"container\" data-settings=\"{&quot;background_background&quot;:&quot;classic&quot;}\">\n\t\t\t\t<\/div>\n\t\t<div class=\"elementor-element elementor-element-1df6cdd e-con-full e-flex wpr-particle-no wpr-jarallax-no wpr-parallax-no wpr-sticky-section-no wpr-equal-height-no e-con e-child\" data-id=\"1df6cdd\" data-element_type=\"container\" data-e-type=\"container\" data-settings=\"{&quot;background_background&quot;:&quot;classic&quot;}\">\n\t\t\t\t<div class=\"elementor-element elementor-element-6de7c6a elementor-widget elementor-widget-heading\" data-id=\"6de7c6a\" data-element_type=\"widget\" data-e-type=\"widget\" data-widget_type=\"heading.default\">\n\t\t\t\t<div class=\"elementor-widget-container\">\n\t\t\t\t\t<h2 class=\"elementor-heading-title elementor-size-default\">Commencez votre r\u00e9tablissement d\u00e8s aujourd'hui<\/h2>\t\t\t\t<\/div>\n\t\t\t\t<\/div>\n\t\t\t\t<div class=\"elementor-element elementor-element-31297db elementor-widget elementor-widget-text-editor\" data-id=\"31297db\" data-element_type=\"widget\" data-e-type=\"widget\" data-widget_type=\"text-editor.default\">\n\t\t\t\t<div class=\"elementor-widget-container\">\n\t\t\t\t\t\t\t\t\t<p><span style=\"font-weight: 400;\">N&#8217;attendez plus pour vous r\u00e9tablir naturellement. Vous pouvez vous rendre directement dans notre centre de traitement. Prenez facilement rendez-vous via notre calendrier en ligne.  <\/span><\/p>\t\t\t\t\t\t\t\t<\/div>\n\t\t\t\t<\/div>\n\t\t\t\t<div class=\"elementor-element elementor-element-8711e77 elementor-align-left elementor-widget__width-inherit elementor-widget elementor-widget-button\" data-id=\"8711e77\" data-element_type=\"widget\" data-e-type=\"widget\" data-widget_type=\"button.default\">\n\t\t\t\t<div class=\"elementor-widget-container\">\n\t\t\t\t\t\t\t\t\t<div class=\"elementor-button-wrapper\">\n\t\t\t\t\t<a class=\"elementor-button elementor-button-link elementor-size-sm\" href=\"https:\/\/salonkee.be\/salon\/bodyclear\/widget\/service?search=lichaam\">\n\t\t\t\t\t\t<span class=\"elementor-button-content-wrapper\">\n\t\t\t\t\t\t\t\t\t<span class=\"elementor-button-text\">Prendre rendez-vous<\/span>\n\t\t\t\t\t<\/span>\n\t\t\t\t\t<\/a>\n\t\t\t\t<\/div>\n\t\t\t\t\t\t\t\t<\/div>\n\t\t\t\t<\/div>\n\t\t\t\t<\/div>\n\t\t\t\t\t<\/div>\n\t\t\t\t<\/div>\n\t\t\t\t<\/div>\n\t\t","protected":false},"excerpt":{"rendered":"<p>Th\u00e9rapie au laser \u00e0 faible niveau Diff\u00e9rents centres de traitement 4,6\/5 sur Google 7+ ans d&#8217;exp\u00e9rience Donnez une longueur d&#8217;avance \u00e0 vos cellules gr\u00e2ce \u00e0 la th\u00e9rapie laser de bas niveau La LLLT est une m\u00e9thode pionni\u00e8re dans laquelle des ondes lumineuses sp\u00e9cifiques p\u00e9n\u00e8trent profond\u00e9ment dans vos tissus. Cette lumi\u00e8re est absorb\u00e9e par vos cellules et convertie en \u00e9nergie pure (ATP). Pensez-y comme \u00e0 une &#8220;photosynth\u00e8se pour les humains&#8221; : nous utilisons la lumi\u00e8re pour acc\u00e9l\u00e9rer des processus biologiques naturels qui prennent normalement beaucoup de temps et d&#8217;\u00e9nergie. Pourquoi la LLLT est indispensable \u00e0 votre r\u00e9tablissement : Rebond plus rapide :LLLT acc\u00e9l\u00e8re la production de nouvelles cellules, ce qui permet aux blessures (sportives) et aux cicatrices de gu\u00e9rir beaucoup plus rapidement. Soulagement naturel de la douleur :La lumi\u00e8re calme les r\u00e9cepteurs de la douleur, ce qui vous incite moins \u00e0 recourir aux analg\u00e9siques chimiques. Inhibition de l&#8217;inflammation :LLLT r\u00e9duit le gonflement et le stress cellulaire, ce qui acc\u00e9l\u00e8re l&#8217;inflammation. Am\u00e9lioration de la circulation sanguine :Stimule la production de nouveaux vaisseaux sanguins pour un apport optimal de nutriments et de vitamines. S\u00fbr et confortable :Un traitement confortable sans aiguilles, sans chaleur et sans effets secondaires. Prendre rendez-vous Commencez votre r\u00e9tablissement d\u00e8s aujourd&#8217;hui N&#8217;attendez plus pour vous r\u00e9tablir naturellement. Vous pouvez vous rendre directement dans notre centre de traitement. Prenez facilement rendez-vous via notre calendrier en ligne. Prendre rendez-vous<\/p>\n","protected":false},"author":2,"featured_media":0,"parent":0,"menu_order":0,"comment_status":"closed","ping_status":"closed","template":"","meta":{"footnotes":""},"class_list":["post-7240","page","type-page","status-publish","hentry"],"yoast_head":"<!-- This site is optimized with the Yoast SEO plugin v27.4 - https:\/\/yoast.com\/product\/yoast-seo-wordpress\/ -->\n<title>Th\u00e9rapie au laser de bas niveau (LLT) - R\u00e9paration cellulaire plus rapide et soulagement de la douleur<\/title>\n<meta name=\"description\" content=\"D\u00e9couvrez la puissance de la th\u00e9rapie laser de bas niveau (LLLT). R\u00e9cup\u00e9rez plus rapidement apr\u00e8s une blessure, r\u00e9duisez la douleur et inhibez l&#039;inflammation gr\u00e2ce \u00e0 la &quot;photosynth\u00e8se pour les humains&quot;. Voyez comment cela fonctionne !\" \/>\n<meta name=\"robots\" content=\"index, follow, max-snippet:-1, max-image-preview:large, max-video-preview:-1\" \/>\n<link rel=\"canonical\" href=\"https:\/\/bodyclear.be\/fr\/therapie-au-laser-de-bas-niveau-llt\/\" \/>\n<meta property=\"og:locale\" content=\"fr_FR\" \/>\n<meta property=\"og:type\" content=\"article\" \/>\n<meta property=\"og:title\" content=\"Th\u00e9rapie au laser de bas niveau (LLT) - R\u00e9paration cellulaire plus rapide et soulagement de la douleur\" \/>\n<meta property=\"og:description\" content=\"D\u00e9couvrez la puissance de la th\u00e9rapie laser de bas niveau (LLLT). R\u00e9cup\u00e9rez plus rapidement apr\u00e8s une blessure, r\u00e9duisez la douleur et inhibez l&#039;inflammation gr\u00e2ce \u00e0 la &quot;photosynth\u00e8se pour les humains&quot;. Voyez comment cela fonctionne !\" \/>\n<meta property=\"og:url\" content=\"https:\/\/bodyclear.be\/fr\/therapie-au-laser-de-bas-niveau-llt\/\" \/>\n<meta property=\"og:site_name\" content=\"bodyclear.be\" \/>\n<meta property=\"article:modified_time\" content=\"2026-02-18T10:18:41+00:00\" \/>\n<meta name=\"twitter:card\" content=\"summary_large_image\" \/>\n<meta name=\"twitter:label1\" content=\"Dur\u00e9e de lecture estim\u00e9e\" \/>\n\t<meta name=\"twitter:data1\" content=\"1 minute\" \/>\n<!-- \/ Yoast SEO plugin. -->","yoast_head_json":{"title":"Th\u00e9rapie au laser de bas niveau (LLT) - R\u00e9paration cellulaire plus rapide et soulagement de la douleur","description":"D\u00e9couvrez la puissance de la th\u00e9rapie laser de bas niveau (LLLT). R\u00e9cup\u00e9rez plus rapidement apr\u00e8s une blessure, r\u00e9duisez la douleur et inhibez l'inflammation gr\u00e2ce \u00e0 la \"photosynth\u00e8se pour les humains\". Voyez comment cela fonctionne !","robots":{"index":"index","follow":"follow","max-snippet":"max-snippet:-1","max-image-preview":"max-image-preview:large","max-video-preview":"max-video-preview:-1"},"canonical":"https:\/\/bodyclear.be\/fr\/therapie-au-laser-de-bas-niveau-llt\/","og_locale":"fr_FR","og_type":"article","og_title":"Th\u00e9rapie au laser de bas niveau (LLT) - R\u00e9paration cellulaire plus rapide et soulagement de la douleur","og_description":"D\u00e9couvrez la puissance de la th\u00e9rapie laser de bas niveau (LLLT). R\u00e9cup\u00e9rez plus rapidement apr\u00e8s une blessure, r\u00e9duisez la douleur et inhibez l'inflammation gr\u00e2ce \u00e0 la \"photosynth\u00e8se pour les humains\". Voyez comment cela fonctionne !","og_url":"https:\/\/bodyclear.be\/fr\/therapie-au-laser-de-bas-niveau-llt\/","og_site_name":"bodyclear.be","article_modified_time":"2026-02-18T10:18:41+00:00","twitter_card":"summary_large_image","twitter_misc":{"Dur\u00e9e de lecture estim\u00e9e":"1 minute"},"schema":{"@context":"https:\/\/schema.org","@graph":[{"@type":"WebPage","@id":"https:\/\/bodyclear.be\/fr\/therapie-au-laser-de-bas-niveau-llt\/","url":"https:\/\/bodyclear.be\/fr\/therapie-au-laser-de-bas-niveau-llt\/","name":"Th\u00e9rapie au laser de bas niveau (LLT) - R\u00e9paration cellulaire plus rapide et soulagement de la douleur","isPartOf":{"@id":"https:\/\/bodyclear.be\/fr\/#website"},"datePublished":"2026-02-16T10:01:37+00:00","dateModified":"2026-02-18T10:18:41+00:00","description":"D\u00e9couvrez la puissance de la th\u00e9rapie laser de bas niveau (LLLT). R\u00e9cup\u00e9rez plus rapidement apr\u00e8s une blessure, r\u00e9duisez la douleur et inhibez l'inflammation gr\u00e2ce \u00e0 la \"photosynth\u00e8se pour les humains\". Voyez comment cela fonctionne !","breadcrumb":{"@id":"https:\/\/bodyclear.be\/fr\/therapie-au-laser-de-bas-niveau-llt\/#breadcrumb"},"inLanguage":"fr-FR","potentialAction":[{"@type":"ReadAction","target":["https:\/\/bodyclear.be\/fr\/therapie-au-laser-de-bas-niveau-llt\/"]}]},{"@type":"BreadcrumbList","@id":"https:\/\/bodyclear.be\/fr\/therapie-au-laser-de-bas-niveau-llt\/#breadcrumb","itemListElement":[{"@type":"ListItem","position":1,"name":"Home","item":"https:\/\/bodyclear.be\/fr\/"},{"@type":"ListItem","position":2,"name":"Th\u00e9rapie au laser de bas niveau (LLT)"}]},{"@type":"WebSite","@id":"https:\/\/bodyclear.be\/fr\/#website","url":"https:\/\/bodyclear.be\/fr\/","name":"bodyclear.be","description":"","potentialAction":[{"@type":"SearchAction","target":{"@type":"EntryPoint","urlTemplate":"https:\/\/bodyclear.be\/fr\/?s={search_term_string}"},"query-input":{"@type":"PropertyValueSpecification","valueRequired":true,"valueName":"search_term_string"}}],"inLanguage":"fr-FR"}]}},"_links":{"self":[{"href":"https:\/\/bodyclear.be\/fr\/wp-json\/wp\/v2\/pages\/7240","targetHints":{"allow":["GET"]}}],"collection":[{"href":"https:\/\/bodyclear.be\/fr\/wp-json\/wp\/v2\/pages"}],"about":[{"href":"https:\/\/bodyclear.be\/fr\/wp-json\/wp\/v2\/types\/page"}],"author":[{"embeddable":true,"href":"https:\/\/bodyclear.be\/fr\/wp-json\/wp\/v2\/users\/2"}],"replies":[{"embeddable":true,"href":"https:\/\/bodyclear.be\/fr\/wp-json\/wp\/v2\/comments?post=7240"}],"version-history":[{"count":1,"href":"https:\/\/bodyclear.be\/fr\/wp-json\/wp\/v2\/pages\/7240\/revisions"}],"predecessor-version":[{"id":7241,"href":"https:\/\/bodyclear.be\/fr\/wp-json\/wp\/v2\/pages\/7240\/revisions\/7241"}],"wp:attachment":[{"href":"https:\/\/bodyclear.be\/fr\/wp-json\/wp\/v2\/media?parent=7240"}],"curies":[{"name":"wp","href":"https:\/\/api.w.org\/{rel}","templated":true}]}}